{"id":266,"date":"2021-07-21T10:19:05","date_gmt":"2021-07-21T08:19:05","guid":{"rendered":"https:\/\/www.anticalocandaroma.it\/?page_id=266"},"modified":"2021-07-21T10:19:05","modified_gmt":"2021-07-21T08:19:05","slug":"prestations-de-service","status":"publish","type":"page","link":"https:\/\/www.anticalocandaroma.it\/fr\/prestations-de-service\/","title":{"rendered":"Prestations de service"},"content":{"rendered":"<div class=\"fusion-fullwidth fullwidth-box fusion-builder-row-1 fusion-flex-container nonhundred-percent-fullwidth non-hundred-percent-height-scrolling\" style=\"background-color: rgba(255,255,255,0);background-position: center center;background-repeat: no-repeat;border-width: 0px 0px 0px 0px;border-color:#e2e2e2;border-style:solid;\" ><div class=\"fusion-builder-row fusion-row fusion-flex-align-items-flex-start\" style=\"max-width:1248px;margin-left: calc(-4% \/ 2 );margin-right: calc(-4% \/ 2 );\"><div class=\"fusion-layout-column fusion_builder_column fusion-builder-column-0 fusion_builder_column_1_1 1_1 fusion-flex-column\"><div class=\"fusion-column-wrapper fusion-flex-justify-content-flex-start fusion-content-layout-column\" style=\"background-position:left top;background-repeat:no-repeat;-webkit-background-size:cover;-moz-background-size:cover;-o-background-size:cover;background-size:cover;padding: 0px 0px 0px 0px;\"><style type=\"text\/css\">@media only screen and (max-width:1024px) {.fusion-title.fusion-title-1{margin-top:10px!important; margin-right:0px!important;margin-bottom:15px!important;margin-left:0px!important;}}@media only screen and (max-width:640px) {.fusion-title.fusion-title-1{margin-top:10px!important; margin-right:0px!important;margin-bottom:10px!important; margin-left:0px!important;}}<\/style><div class=\"fusion-title title fusion-title-1 fusion-sep-none fusion-title-center fusion-title-text fusion-title-size-one\" style=\"margin-top:10px;margin-right:0px;margin-bottom:15px;margin-left:0px;\"><h1 class=\"title-heading-center\" style=\"margin:0;\">Services<\/h1><\/div><div class=\"fusion-text fusion-text-1\"><p>Nos room services<\/p>\n<p>R\u00e9server maintenant<\/p>\n<p>Offres<\/p>\n<p>Offres sp\u00e9ciales<\/p>\n<p>Derni\u00e8re minute<\/p>\n<p>Paquets<\/p>\n<p>Galerie<\/p>\n<p>L&rsquo;histoire<\/p>\n<p>Contactez-nous<\/p>\n<p>T\u00e9l \/ e-mail<\/p>\n<p>M\u00e9dias sociaux<\/p>\n<p>Blog<\/p>\n<p>Intimit\u00e9<\/p>\n<p>Traitement de l&rsquo;information<\/p>\n<p>Retour<\/p>\n<p>Accueil<\/p>\n<p>Terrasse<\/p>\n<p>Bar \u00e0 cocktails, jardin sur le toit<\/p>\n<p>Nom<\/p>\n<p>Nom de famille<\/p>\n<p>Nombre de personnes<\/p>\n<p>Enregistrement<\/p>\n<p>Check-in<\/p>\n<p>Check-out<\/p>\n<p>Demandes \/ messages<\/p>\n<p>J&rsquo;ai lu et j&rsquo;accepte les conditions de traitement des donn\u00e9es personnelles<\/p>\n<p>Envoyer<\/p>\n<p>\u00a0<\/p>\n<p>Enfants et lits suppl\u00e9mentaires<\/p>\n<p>Un enfant de moins de 2 ans s\u00e9journe \u00e0 titre gracieux s&rsquo;il utilise la literie existante.<\/p>\n<p>Inscription \u00e0 l&rsquo;h\u00f4tel<\/p>\n<p>Heure d&rsquo;arriv\u00e9e: 13h00<\/p>\n<p>Heure de d\u00e9part : 11h00<\/p>\n<p>Modalit\u00e9s de paiement<\/p>\n<p>Pour confirmer la r\u00e9servation, l&rsquo;h\u00e9bergement demande les coordonn\u00e9es de votre carte de cr\u00e9dit pour une garantie mutuelle. L&rsquo;h\u00f4tel se r\u00e9serve le droit de pr\u00e9-autoriser (sans pr\u00e9l\u00e8vement du montant) de la carte de cr\u00e9dit.<\/p>\n<p>Conditions d&rsquo;annulation<\/p>\n<p>En cas d&rsquo;annulation ou de modification effectu\u00e9e jusqu&rsquo;\u00e0 7 jours avant la date d&rsquo;arriv\u00e9e, aucun frais ne sera factur\u00e9. En cas d&rsquo;annulation apr\u00e8s ce d\u00e9lai ou de non-pr\u00e9sentation, le montant total du s\u00e9jour sera factur\u00e9.<\/p>\n<p>Animaux domestiques<\/p>\n<p>Ils sont autoris\u00e9s en payant un suppl\u00e9ment de 7 \u20ac par nuit, pour assurer un nettoyage et un assainissement ad\u00e9quats de l&rsquo;environnement, pour les clients suivants qui peuvent \u00eatre particuli\u00e8rement sensibles aux environnements o\u00f9 il y a eu la pr\u00e9sence d&rsquo;animaux<\/p>\n<\/div><\/div><style type=\"text\/css\">.fusion-body .fusion-builder-column-0{width:100% !important;margin-top : 0px;margin-bottom : 20px;}.fusion-builder-column-0 > .fusion-column-wrapper {padding-top : 0px !important;padding-right : 0px !important;margin-right : 1.92%;padding-bottom : 0px !important;padding-left : 0px !important;margin-left : 1.92%;}@media only screen and (max-width:1024px) {.fusion-body .fusion-builder-column-0{width:100% !important;order : 0;}.fusion-builder-column-0 > .fusion-column-wrapper {margin-right : 1.92%;margin-left : 1.92%;}}@media only screen and (max-width:640px) {.fusion-body .fusion-builder-column-0{width:100% !important;order : 0;}.fusion-builder-column-0 > .fusion-column-wrapper {margin-right : 1.92%;margin-left : 1.92%;}}<\/style><\/div><\/div><style type=\"text\/css\">.fusion-body .fusion-flex-container.fusion-builder-row-1{ padding-top : 0px;margin-top : 0px;padding-right : 0px;padding-bottom : 0px;margin-bottom : 0px;padding-left : 0px;}<\/style><\/div>\n","protected":false},"excerpt":{"rendered":"","protected":false},"author":2,"featured_media":0,"parent":0,"menu_order":0,"comment_status":"closed","ping_status":"closed","template":"100-width.php","meta":{"footnotes":""},"class_list":["post-266","page","type-page","status-publish","hentry"],"yoast_head":"<!-- This site is optimized with the Yoast SEO plugin v27.5 - https:\/\/yoast.com\/product\/yoast-seo-wordpress\/ -->\n<title>Prestations de service - Hotel Antica Locanda a Roma<\/title>\n<meta name=\"robots\" content=\"index, follow, max-snippet:-1, max-image-preview:large, max-video-preview:-1\" \/>\n<link rel=\"canonical\" href=\"https:\/\/www.anticalocandaroma.it\/fr\/prestations-de-service\/\" \/>\n<meta property=\"og:locale\" content=\"fr_FR\" \/>\n<meta property=\"og:type\" content=\"article\" \/>\n<meta property=\"og:title\" content=\"Prestations de service - Hotel Antica Locanda a Roma\" \/>\n<meta property=\"og:url\" content=\"https:\/\/www.anticalocandaroma.it\/fr\/prestations-de-service\/\" \/>\n<meta property=\"og:site_name\" content=\"Hotel Antica Locanda a Roma\" \/>\n<meta name=\"twitter:card\" content=\"summary_large_image\" \/>\n<meta name=\"twitter:label1\" content=\"Dur\u00e9e de lecture estim\u00e9e\" \/>\n\t<meta name=\"twitter:data1\" content=\"5 minutes\" \/>\n<script type=\"application\/ld+json\" class=\"yoast-schema-graph\">{\"@context\":\"https:\\\/\\\/schema.org\",\"@graph\":[{\"@type\":\"WebPage\",\"@id\":\"https:\\\/\\\/www.anticalocandaroma.it\\\/fr\\\/prestations-de-service\\\/\",\"url\":\"https:\\\/\\\/www.anticalocandaroma.it\\\/fr\\\/prestations-de-service\\\/\",\"name\":\"Prestations de service - Hotel Antica Locanda a Roma\",\"isPartOf\":{\"@id\":\"https:\\\/\\\/www.anticalocandaroma.it\\\/#website\"},\"datePublished\":\"2021-07-21T08:19:05+00:00\",\"breadcrumb\":{\"@id\":\"https:\\\/\\\/www.anticalocandaroma.it\\\/fr\\\/prestations-de-service\\\/#breadcrumb\"},\"inLanguage\":\"fr-FR\",\"potentialAction\":[{\"@type\":\"ReadAction\",\"target\":[\"https:\\\/\\\/www.anticalocandaroma.it\\\/fr\\\/prestations-de-service\\\/\"]}]},{\"@type\":\"BreadcrumbList\",\"@id\":\"https:\\\/\\\/www.anticalocandaroma.it\\\/fr\\\/prestations-de-service\\\/#breadcrumb\",\"itemListElement\":[{\"@type\":\"ListItem\",\"position\":1,\"name\":\"Home\",\"item\":\"https:\\\/\\\/www.anticalocandaroma.it\\\/fr\\\/\"},{\"@type\":\"ListItem\",\"position\":2,\"name\":\"Prestations de service\"}]},{\"@type\":\"WebSite\",\"@id\":\"https:\\\/\\\/www.anticalocandaroma.it\\\/#website\",\"url\":\"https:\\\/\\\/www.anticalocandaroma.it\\\/\",\"name\":\"Hotel Antica Locanda a Roma\",\"description\":\"Motto Hotel Antica Locanda a Roma\",\"potentialAction\":[{\"@type\":\"SearchAction\",\"target\":{\"@type\":\"EntryPoint\",\"urlTemplate\":\"https:\\\/\\\/www.anticalocandaroma.it\\\/?s={search_term_string}\"},\"query-input\":{\"@type\":\"PropertyValueSpecification\",\"valueRequired\":true,\"valueName\":\"search_term_string\"}}],\"inLanguage\":\"fr-FR\"}]}<\/script>\n<!-- \/ Yoast SEO plugin. -->","yoast_head_json":{"title":"Prestations de service - Hotel Antica Locanda a Roma","robots":{"index":"index","follow":"follow","max-snippet":"max-snippet:-1","max-image-preview":"max-image-preview:large","max-video-preview":"max-video-preview:-1"},"canonical":"https:\/\/www.anticalocandaroma.it\/fr\/prestations-de-service\/","og_locale":"fr_FR","og_type":"article","og_title":"Prestations de service - Hotel Antica Locanda a Roma","og_url":"https:\/\/www.anticalocandaroma.it\/fr\/prestations-de-service\/","og_site_name":"Hotel Antica Locanda a Roma","twitter_card":"summary_large_image","twitter_misc":{"Dur\u00e9e de lecture estim\u00e9e":"5 minutes"},"schema":{"@context":"https:\/\/schema.org","@graph":[{"@type":"WebPage","@id":"https:\/\/www.anticalocandaroma.it\/fr\/prestations-de-service\/","url":"https:\/\/www.anticalocandaroma.it\/fr\/prestations-de-service\/","name":"Prestations de service - Hotel Antica Locanda a Roma","isPartOf":{"@id":"https:\/\/www.anticalocandaroma.it\/#website"},"datePublished":"2021-07-21T08:19:05+00:00","breadcrumb":{"@id":"https:\/\/www.anticalocandaroma.it\/fr\/prestations-de-service\/#breadcrumb"},"inLanguage":"fr-FR","potentialAction":[{"@type":"ReadAction","target":["https:\/\/www.anticalocandaroma.it\/fr\/prestations-de-service\/"]}]},{"@type":"BreadcrumbList","@id":"https:\/\/www.anticalocandaroma.it\/fr\/prestations-de-service\/#breadcrumb","itemListElement":[{"@type":"ListItem","position":1,"name":"Home","item":"https:\/\/www.anticalocandaroma.it\/fr\/"},{"@type":"ListItem","position":2,"name":"Prestations de service"}]},{"@type":"WebSite","@id":"https:\/\/www.anticalocandaroma.it\/#website","url":"https:\/\/www.anticalocandaroma.it\/","name":"Hotel Antica Locanda a Roma","description":"Motto Hotel Antica Locanda a Roma","potentialAction":[{"@type":"SearchAction","target":{"@type":"EntryPoint","urlTemplate":"https:\/\/www.anticalocandaroma.it\/?s={search_term_string}"},"query-input":{"@type":"PropertyValueSpecification","valueRequired":true,"valueName":"search_term_string"}}],"inLanguage":"fr-FR"}]}},"_links":{"self":[{"href":"https:\/\/www.anticalocandaroma.it\/fr\/wp-json\/wp\/v2\/pages\/266","targetHints":{"allow":["GET"]}}],"collection":[{"href":"https:\/\/www.anticalocandaroma.it\/fr\/wp-json\/wp\/v2\/pages"}],"about":[{"href":"https:\/\/www.anticalocandaroma.it\/fr\/wp-json\/wp\/v2\/types\/page"}],"author":[{"embeddable":true,"href":"https:\/\/www.anticalocandaroma.it\/fr\/wp-json\/wp\/v2\/users\/2"}],"replies":[{"embeddable":true,"href":"https:\/\/www.anticalocandaroma.it\/fr\/wp-json\/wp\/v2\/comments?post=266"}],"version-history":[{"count":1,"href":"https:\/\/www.anticalocandaroma.it\/fr\/wp-json\/wp\/v2\/pages\/266\/revisions"}],"predecessor-version":[{"id":267,"href":"https:\/\/www.anticalocandaroma.it\/fr\/wp-json\/wp\/v2\/pages\/266\/revisions\/267"}],"wp:attachment":[{"href":"https:\/\/www.anticalocandaroma.it\/fr\/wp-json\/wp\/v2\/media?parent=266"}],"curies":[{"name":"wp","href":"https:\/\/api.w.org\/{rel}","templated":true}]}}