{"id":262,"date":"2021-07-21T10:12:38","date_gmt":"2021-07-21T08:12:38","guid":{"rendered":"https:\/\/www.anticalocandaroma.it\/?page_id=262"},"modified":"2025-12-17T10:23:26","modified_gmt":"2025-12-17T09:23:26","slug":"histoire","status":"publish","type":"page","link":"https:\/\/www.anticalocandaroma.it\/fr\/histoire\/","title":{"rendered":"Histoire"},"content":{"rendered":"<div class=\"fusion-fullwidth fullwidth-box fusion-builder-row-1 fusion-flex-container nonhundred-percent-fullwidth non-hundred-percent-height-scrolling\" style=\"background-color: rgba(255,255,255,0);background-position: center center;background-repeat: no-repeat;border-width: 0px 0px 0px 0px;border-color:#e2e2e2;border-style:solid;\" ><div class=\"fusion-builder-row fusion-row fusion-flex-align-items-flex-start\" style=\"max-width:1248px;margin-left: calc(-4% \/ 2 );margin-right: calc(-4% \/ 2 );\"><div class=\"fusion-layout-column fusion_builder_column fusion-builder-column-0 fusion_builder_column_1_1 1_1 fusion-flex-column\"><div class=\"fusion-column-wrapper fusion-flex-justify-content-flex-start fusion-content-layout-column\" style=\"background-position:left top;background-repeat:no-repeat;-webkit-background-size:cover;-moz-background-size:cover;-o-background-size:cover;background-size:cover;padding: 0px 0px 0px 0px;\"><style type=\"text\/css\">@media only screen and (max-width:1024px) {.fusion-title.fusion-title-1{margin-top:10px!important; margin-right:0px!important;margin-bottom:15px!important;margin-left:0px!important;}}@media only screen and (max-width:640px) {.fusion-title.fusion-title-1{margin-top:10px!important; margin-right:0px!important;margin-bottom:10px!important; margin-left:0px!important;}}<\/style><div class=\"fusion-title title fusion-title-1 fusion-sep-none fusion-title-center fusion-title-text fusion-title-size-one\" style=\"margin-top:10px;margin-right:0px;margin-bottom:15px;margin-left:0px;\"><h1 class=\"title-heading-center\" style=\"margin:0;\">L&rsquo;histoire<\/h1><\/div><div class=\"fusion-text fusion-text-1\"><p>L&rsquo;H\u00f4tel Antica Locanda est situ\u00e9 au c\u0153ur de l&rsquo;un des quartiers historiques de Rome, le Rione Monti, \u00e0 quelques pas du centre historique de la capitale. Ce lieu est situ\u00e9 \u00e0 l&rsquo;intersection de deux routes principales : Via Nazionale et Via Cavour. L&rsquo;H\u00f4tel est au c\u0153ur de la ville, \u00e0 quelques pas des monuments historiques les plus c\u00e9l\u00e8bres, tels que : l&rsquo;imposant Colis\u00e9e, symbole incontest\u00e9 de Rome ; les Forum imp\u00e9riaux ; la monumentale Piazza Venezia ; la fontaine de Trevi ; la charmante\u00a0 Piazza di Spagna; mais aussi des b\u00e2timents institutionnels, comme la Banque d&rsquo;Italie ; le Capitole; le Palais du Quirinal et plusieurs minist\u00e8res.<\/p>\n<p>Pr\u00e8s de l&rsquo;H\u00f4tel Antica Locanda se trouvent quelques-uns des mus\u00e9es les plus importants tels que : le Capitole, le Colis\u00e9e, les Forums imp\u00e9riaux, les march\u00e9s de Trajan, le Palazzo delle Esposizioni et les c\u00e9l\u00e8bres \u00e9curies du Quirinal. Tout \u00e0 port\u00e9e de main. A quelques pas de l&rsquo;h\u00f4tel, vous aurez \u00e0 votre disposition la gare principale de Rome, la gare Termini, avec laquelle vous pourrez vous d\u00e9placer dans n&rsquo;importe quelle partie de la ville et vers les deux principaux a\u00e9roports : Rome Fiumicino (FCO) et Rome Ciampino ( CIA).<\/p>\n<p>Le Rione Monti \u00e0 Rome est le tout premier quartier de la ville, o\u00f9 l&rsquo;histoire et le classicisme se marient parfaitement. Galeries d&rsquo;art, caves, boutiques d&rsquo;artisans, restaurants et bars, sont plac\u00e9es un peu partout dans les rues de ce quartier construites avec les anciens \u201cSanpietrini\u201d. Aujourd&rsquo;hui, le Rione Monti est consid\u00e9r\u00e9 comme le quartier le plus fascinant de Rome. Promenez-vous sur ses places le jour et profitez de la ville la nuit. En fait, au coucher du soleil, cela se transforme en grande f\u00eate avec des jeunes et les touristes. \u00cates-vous pr\u00eat \u00e0 profiter d&rsquo;un ap\u00e9ritif 100 % italien ? Sirotez un verre avec un coin avec vue sur le Colis\u00e9e, comme cela se passe dans bar historique \u00ab\u00a0La Bottega del Caff\u00e8\u00a0\u00bb ou dans le Roof Garden \/ Cocktail Bar \u00ab\u00a0Zelda Club\u00a0\u00bb de l&rsquo;H\u00f4tel Antica Locanda. Ceux-ci offrent aux voyageurs la chaleur de la ville accompagn\u00e9e du parfum d&rsquo;un bon vin ou de l&rsquo;explosivit\u00e9 des cocktails pr\u00e9par\u00e9s par nos sympathiques barmans.<\/p>\n<\/div><\/div><style type=\"text\/css\">.fusion-body .fusion-builder-column-0{width:100% !important;margin-top : 0px;margin-bottom : 20px;}.fusion-builder-column-0 > .fusion-column-wrapper {padding-top : 0px !important;padding-right : 0px !important;margin-right : 1.92%;padding-bottom : 0px !important;padding-left : 0px !important;margin-left : 1.92%;}@media only screen and (max-width:1024px) {.fusion-body .fusion-builder-column-0{width:100% !important;order : 0;}.fusion-builder-column-0 > .fusion-column-wrapper {margin-right : 1.92%;margin-left : 1.92%;}}@media only screen and (max-width:640px) {.fusion-body .fusion-builder-column-0{width:100% !important;order : 0;}.fusion-builder-column-0 > .fusion-column-wrapper {margin-right : 1.92%;margin-left : 1.92%;}}<\/style><\/div><\/div><style type=\"text\/css\">.fusion-body .fusion-flex-container.fusion-builder-row-1{ padding-top : 0px;margin-top : 0px;padding-right : 0px;padding-bottom : 0px;margin-bottom : 0px;padding-left : 0px;}<\/style><\/div>\n","protected":false},"excerpt":{"rendered":"","protected":false},"author":2,"featured_media":0,"parent":0,"menu_order":0,"comment_status":"closed","ping_status":"closed","template":"100-width.php","meta":{"footnotes":""},"class_list":["post-262","page","type-page","status-publish","hentry"],"yoast_head":"<!-- This site is optimized with the Yoast SEO plugin v27.5 - https:\/\/yoast.com\/product\/yoast-seo-wordpress\/ -->\n<title>Histoire - Hotel Antica Locanda a Roma<\/title>\n<meta name=\"robots\" content=\"index, follow, max-snippet:-1, max-image-preview:large, max-video-preview:-1\" \/>\n<link rel=\"canonical\" href=\"https:\/\/www.anticalocandaroma.it\/fr\/histoire\/\" \/>\n<meta property=\"og:locale\" content=\"fr_FR\" \/>\n<meta property=\"og:type\" content=\"article\" \/>\n<meta property=\"og:title\" content=\"Histoire - Hotel Antica Locanda a Roma\" \/>\n<meta property=\"og:url\" content=\"https:\/\/www.anticalocandaroma.it\/fr\/histoire\/\" \/>\n<meta property=\"og:site_name\" content=\"Hotel Antica Locanda a Roma\" \/>\n<meta property=\"article:modified_time\" content=\"2025-12-17T09:23:26+00:00\" \/>\n<meta name=\"twitter:card\" content=\"summary_large_image\" \/>\n<meta name=\"twitter:label1\" content=\"Dur\u00e9e de lecture estim\u00e9e\" \/>\n\t<meta name=\"twitter:data1\" content=\"4 minutes\" \/>\n<script type=\"application\/ld+json\" class=\"yoast-schema-graph\">{\"@context\":\"https:\\\/\\\/schema.org\",\"@graph\":[{\"@type\":\"WebPage\",\"@id\":\"https:\\\/\\\/www.anticalocandaroma.it\\\/fr\\\/histoire\\\/\",\"url\":\"https:\\\/\\\/www.anticalocandaroma.it\\\/fr\\\/histoire\\\/\",\"name\":\"Histoire - Hotel Antica Locanda a Roma\",\"isPartOf\":{\"@id\":\"https:\\\/\\\/www.anticalocandaroma.it\\\/#website\"},\"datePublished\":\"2021-07-21T08:12:38+00:00\",\"dateModified\":\"2025-12-17T09:23:26+00:00\",\"breadcrumb\":{\"@id\":\"https:\\\/\\\/www.anticalocandaroma.it\\\/fr\\\/histoire\\\/#breadcrumb\"},\"inLanguage\":\"fr-FR\",\"potentialAction\":[{\"@type\":\"ReadAction\",\"target\":[\"https:\\\/\\\/www.anticalocandaroma.it\\\/fr\\\/histoire\\\/\"]}]},{\"@type\":\"BreadcrumbList\",\"@id\":\"https:\\\/\\\/www.anticalocandaroma.it\\\/fr\\\/histoire\\\/#breadcrumb\",\"itemListElement\":[{\"@type\":\"ListItem\",\"position\":1,\"name\":\"Home\",\"item\":\"https:\\\/\\\/www.anticalocandaroma.it\\\/fr\\\/\"},{\"@type\":\"ListItem\",\"position\":2,\"name\":\"Histoire\"}]},{\"@type\":\"WebSite\",\"@id\":\"https:\\\/\\\/www.anticalocandaroma.it\\\/#website\",\"url\":\"https:\\\/\\\/www.anticalocandaroma.it\\\/\",\"name\":\"Hotel Antica Locanda a Roma\",\"description\":\"Motto Hotel Antica Locanda a Roma\",\"potentialAction\":[{\"@type\":\"SearchAction\",\"target\":{\"@type\":\"EntryPoint\",\"urlTemplate\":\"https:\\\/\\\/www.anticalocandaroma.it\\\/?s={search_term_string}\"},\"query-input\":{\"@type\":\"PropertyValueSpecification\",\"valueRequired\":true,\"valueName\":\"search_term_string\"}}],\"inLanguage\":\"fr-FR\"}]}<\/script>\n<!-- \/ Yoast SEO plugin. -->","yoast_head_json":{"title":"Histoire - Hotel Antica Locanda a Roma","robots":{"index":"index","follow":"follow","max-snippet":"max-snippet:-1","max-image-preview":"max-image-preview:large","max-video-preview":"max-video-preview:-1"},"canonical":"https:\/\/www.anticalocandaroma.it\/fr\/histoire\/","og_locale":"fr_FR","og_type":"article","og_title":"Histoire - Hotel Antica Locanda a Roma","og_url":"https:\/\/www.anticalocandaroma.it\/fr\/histoire\/","og_site_name":"Hotel Antica Locanda a Roma","article_modified_time":"2025-12-17T09:23:26+00:00","twitter_card":"summary_large_image","twitter_misc":{"Dur\u00e9e de lecture estim\u00e9e":"4 minutes"},"schema":{"@context":"https:\/\/schema.org","@graph":[{"@type":"WebPage","@id":"https:\/\/www.anticalocandaroma.it\/fr\/histoire\/","url":"https:\/\/www.anticalocandaroma.it\/fr\/histoire\/","name":"Histoire - Hotel Antica Locanda a Roma","isPartOf":{"@id":"https:\/\/www.anticalocandaroma.it\/#website"},"datePublished":"2021-07-21T08:12:38+00:00","dateModified":"2025-12-17T09:23:26+00:00","breadcrumb":{"@id":"https:\/\/www.anticalocandaroma.it\/fr\/histoire\/#breadcrumb"},"inLanguage":"fr-FR","potentialAction":[{"@type":"ReadAction","target":["https:\/\/www.anticalocandaroma.it\/fr\/histoire\/"]}]},{"@type":"BreadcrumbList","@id":"https:\/\/www.anticalocandaroma.it\/fr\/histoire\/#breadcrumb","itemListElement":[{"@type":"ListItem","position":1,"name":"Home","item":"https:\/\/www.anticalocandaroma.it\/fr\/"},{"@type":"ListItem","position":2,"name":"Histoire"}]},{"@type":"WebSite","@id":"https:\/\/www.anticalocandaroma.it\/#website","url":"https:\/\/www.anticalocandaroma.it\/","name":"Hotel Antica Locanda a Roma","description":"Motto Hotel Antica Locanda a Roma","potentialAction":[{"@type":"SearchAction","target":{"@type":"EntryPoint","urlTemplate":"https:\/\/www.anticalocandaroma.it\/?s={search_term_string}"},"query-input":{"@type":"PropertyValueSpecification","valueRequired":true,"valueName":"search_term_string"}}],"inLanguage":"fr-FR"}]}},"_links":{"self":[{"href":"https:\/\/www.anticalocandaroma.it\/fr\/wp-json\/wp\/v2\/pages\/262","targetHints":{"allow":["GET"]}}],"collection":[{"href":"https:\/\/www.anticalocandaroma.it\/fr\/wp-json\/wp\/v2\/pages"}],"about":[{"href":"https:\/\/www.anticalocandaroma.it\/fr\/wp-json\/wp\/v2\/types\/page"}],"author":[{"embeddable":true,"href":"https:\/\/www.anticalocandaroma.it\/fr\/wp-json\/wp\/v2\/users\/2"}],"replies":[{"embeddable":true,"href":"https:\/\/www.anticalocandaroma.it\/fr\/wp-json\/wp\/v2\/comments?post=262"}],"version-history":[{"count":2,"href":"https:\/\/www.anticalocandaroma.it\/fr\/wp-json\/wp\/v2\/pages\/262\/revisions"}],"predecessor-version":[{"id":534,"href":"https:\/\/www.anticalocandaroma.it\/fr\/wp-json\/wp\/v2\/pages\/262\/revisions\/534"}],"wp:attachment":[{"href":"https:\/\/www.anticalocandaroma.it\/fr\/wp-json\/wp\/v2\/media?parent=262"}],"curies":[{"name":"wp","href":"https:\/\/api.w.org\/{rel}","templated":true}]}}