{"id":257,"date":"2021-07-21T10:07:34","date_gmt":"2021-07-21T08:07:34","guid":{"rendered":"https:\/\/www.anticalocandaroma.it\/?page_id=257"},"modified":"2021-07-28T10:38:46","modified_gmt":"2021-07-28T08:38:46","slug":"hotel-antica-locanda-a-rome","status":"publish","type":"page","link":"https:\/\/www.anticalocandaroma.it\/fr\/","title":{"rendered":"Hotel Antica Locanda \u00e0 Rome"},"content":{"rendered":"<div class=\"fusion-fullwidth fullwidth-box fusion-builder-row-1 fusion-flex-container nonhundred-percent-fullwidth non-hundred-percent-height-scrolling\" style=\"background-color: rgba(255,255,255,0);background-position: center center;background-repeat: no-repeat;border-width: 0px 0px 0px 0px;border-color:#e2e2e2;border-style:solid;\" ><div class=\"fusion-builder-row fusion-row fusion-flex-align-items-flex-start\" style=\"max-width:1248px;margin-left: calc(-4% \/ 2 );margin-right: calc(-4% \/ 2 );\"><div class=\"fusion-layout-column fusion_builder_column fusion-builder-column-0 fusion_builder_column_1_1 1_1 fusion-flex-column\"><div class=\"fusion-column-wrapper fusion-flex-justify-content-flex-start fusion-content-layout-column\" style=\"background-position:left top;background-repeat:no-repeat;-webkit-background-size:cover;-moz-background-size:cover;-o-background-size:cover;background-size:cover;padding: 0px 0px 0px 0px;\"><style type=\"text\/css\">@media only screen and (max-width:1024px) {.fusion-title.fusion-title-1{margin-top:10px!important; margin-right:0px!important;margin-bottom:15px!important;margin-left:0px!important;}}@media only screen and (max-width:640px) {.fusion-title.fusion-title-1{margin-top:10px!important; margin-right:0px!important;margin-bottom:10px!important; margin-left:0px!important;}}<\/style><div class=\"fusion-title title fusion-title-1 fusion-sep-none fusion-title-center fusion-title-text fusion-title-size-one\" style=\"margin-top:10px;margin-right:0px;margin-bottom:15px;margin-left:0px;\"><h1 class=\"title-heading-center\" style=\"margin:0;\">Hotel Antica Locanda \u00e0 Rome<\/h1><\/div><div class=\"fusion-text fusion-text-1\"><p>L&rsquo;H\u00f4tel Antica Locanda est un h\u00f4tel 3 \u00e9toiles, \u00e0 la fois romantique et \u00e9l\u00e9gant. Situ\u00e9 au c\u0153ur de Rome, \u00e0 quelques pas des monuments embl\u00e9matiques de la ville, l&rsquo;h\u00f4tel accueille ses clients dans l&rsquo;un des plus beaux quartiers de Rome, Rione Monti. L&rsquo;h\u00f4tel du quartier Monti est situ\u00e9 \u00e0 500 m\u00e8tres du Quirinal et \u00e0 700 m\u00e8tres de la Piazza Venezia.<\/p>\n<p>Consid\u00e9r\u00e9 comme l&rsquo;un des h\u00f4tels de Rome donnant sur le Colis\u00e9e, l&rsquo;H\u00f4tel Antica Locanda dispose d&rsquo;un bar et d&rsquo;une connexion Wi-Fi gratuite. De plus, la r\u00e9ception sera \u00e0 votre disposition 24h\/24 pour r\u00e9pondre \u00e0 tous vos besoins et exigences.<\/p>\n<p>Confort et commodit\u00e9 sont les ma\u00eetres mots de l&rsquo;h\u00f4tel, adapt\u00e9 \u00e0 tout type de vacances, professionnelles ou autres. Pendant le petit d\u00e9jeuner, d\u00e9gustez les sp\u00e9cialit\u00e9s de notre buffet et profitez des magnifiques paysages que Rome a \u00e0 vous offrir du haut d&rsquo;une terrasse. Admirez le Colis\u00e9e, les Forums imp\u00e9riaux et ses deux rues principales : Via Nazionale et Via Cavour.<\/p>\n<p>Toutes les chambres sont \u00e9quip\u00e9es du meilleur confort moderne. Climatisation, minibar, t\u00e9l\u00e9vision par satellite, salle de bain priv\u00e9e, Wi-Fi et bien plus encore. Vous pouvez choisir parmi une vari\u00e9t\u00e9 de chambres adapt\u00e9es \u00e0 vous et \u00e0 votre famille. Le mobilier, dans un parfait m\u00e9lange de classicisme et de modernisme, plonge le visiteur dans une atmosph\u00e8re de conte de f\u00e9es. Le tout dans le d\u00e9cor d&rsquo;une Rome antique.<\/p>\n<\/div><\/div><style type=\"text\/css\">.fusion-body .fusion-builder-column-0{width:100% !important;margin-top : 0px;margin-bottom : 0px;}.fusion-builder-column-0 > .fusion-column-wrapper {padding-top : 0px !important;padding-right : 0px !important;margin-right : 1.92%;padding-bottom : 0px !important;padding-left : 0px !important;margin-left : 1.92%;}@media only screen and (max-width:1024px) {.fusion-body .fusion-builder-column-0{width:100% !important;}.fusion-builder-column-0 > .fusion-column-wrapper {margin-right : 1.92%;margin-left : 1.92%;}}@media only screen and (max-width:640px) {.fusion-body .fusion-builder-column-0{width:100% !important;}.fusion-builder-column-0 > .fusion-column-wrapper {margin-right : 1.92%;margin-left : 1.92%;}}<\/style><\/div><\/div><style type=\"text\/css\">.fusion-body .fusion-flex-container.fusion-builder-row-1{ padding-top : 0px;margin-top : 0px;padding-right : 0px;padding-bottom : 0px;margin-bottom : 0px;padding-left : 0px;}<\/style><\/div>\n","protected":false},"excerpt":{"rendered":"","protected":false},"author":2,"featured_media":0,"parent":0,"menu_order":0,"comment_status":"closed","ping_status":"closed","template":"100-width.php","meta":{"footnotes":""},"class_list":["post-257","page","type-page","status-publish","hentry"],"yoast_head":"<!-- This site is optimized with the Yoast SEO plugin v27.5 - https:\/\/yoast.com\/product\/yoast-seo-wordpress\/ -->\n<title>Hotel Antica Locanda \u00e0 Rome - Hotel Antica Locanda a Roma<\/title>\n<meta name=\"robots\" content=\"index, follow, max-snippet:-1, max-image-preview:large, max-video-preview:-1\" \/>\n<link rel=\"canonical\" href=\"https:\/\/www.anticalocandaroma.it\/fr\/\" \/>\n<meta property=\"og:locale\" content=\"fr_FR\" \/>\n<meta property=\"og:type\" content=\"article\" \/>\n<meta property=\"og:title\" content=\"Hotel Antica Locanda \u00e0 Rome - Hotel Antica Locanda a Roma\" \/>\n<meta property=\"og:url\" content=\"https:\/\/www.anticalocandaroma.it\/fr\/\" \/>\n<meta property=\"og:site_name\" content=\"Hotel Antica Locanda a Roma\" \/>\n<meta property=\"article:modified_time\" content=\"2021-07-28T08:38:46+00:00\" \/>\n<meta name=\"twitter:card\" content=\"summary_large_image\" \/>\n<meta name=\"twitter:label1\" content=\"Dur\u00e9e de lecture estim\u00e9e\" \/>\n\t<meta name=\"twitter:data1\" content=\"3 minutes\" \/>\n<script type=\"application\/ld+json\" class=\"yoast-schema-graph\">{\"@context\":\"https:\\\/\\\/schema.org\",\"@graph\":[{\"@type\":\"WebPage\",\"@id\":\"https:\\\/\\\/www.anticalocandaroma.it\\\/fr\\\/\",\"url\":\"https:\\\/\\\/www.anticalocandaroma.it\\\/fr\\\/\",\"name\":\"Hotel Antica Locanda \u00e0 Rome - Hotel Antica Locanda a Roma\",\"isPartOf\":{\"@id\":\"https:\\\/\\\/www.anticalocandaroma.it\\\/#website\"},\"datePublished\":\"2021-07-21T08:07:34+00:00\",\"dateModified\":\"2021-07-28T08:38:46+00:00\",\"breadcrumb\":{\"@id\":\"https:\\\/\\\/www.anticalocandaroma.it\\\/fr\\\/#breadcrumb\"},\"inLanguage\":\"fr-FR\",\"potentialAction\":[{\"@type\":\"ReadAction\",\"target\":[\"https:\\\/\\\/www.anticalocandaroma.it\\\/fr\\\/\"]}]},{\"@type\":\"BreadcrumbList\",\"@id\":\"https:\\\/\\\/www.anticalocandaroma.it\\\/fr\\\/#breadcrumb\",\"itemListElement\":[{\"@type\":\"ListItem\",\"position\":1,\"name\":\"Home\",\"item\":\"https:\\\/\\\/www.anticalocandaroma.it\\\/fr\\\/\"},{\"@type\":\"ListItem\",\"position\":2,\"name\":\"Hotel Antica Locanda \u00e0 Rome\"}]},{\"@type\":\"WebSite\",\"@id\":\"https:\\\/\\\/www.anticalocandaroma.it\\\/#website\",\"url\":\"https:\\\/\\\/www.anticalocandaroma.it\\\/\",\"name\":\"Hotel Antica Locanda a Roma\",\"description\":\"Motto Hotel Antica Locanda a Roma\",\"potentialAction\":[{\"@type\":\"SearchAction\",\"target\":{\"@type\":\"EntryPoint\",\"urlTemplate\":\"https:\\\/\\\/www.anticalocandaroma.it\\\/?s={search_term_string}\"},\"query-input\":{\"@type\":\"PropertyValueSpecification\",\"valueRequired\":true,\"valueName\":\"search_term_string\"}}],\"inLanguage\":\"fr-FR\"}]}<\/script>\n<!-- \/ Yoast SEO plugin. -->","yoast_head_json":{"title":"Hotel Antica Locanda \u00e0 Rome - Hotel Antica Locanda a Roma","robots":{"index":"index","follow":"follow","max-snippet":"max-snippet:-1","max-image-preview":"max-image-preview:large","max-video-preview":"max-video-preview:-1"},"canonical":"https:\/\/www.anticalocandaroma.it\/fr\/","og_locale":"fr_FR","og_type":"article","og_title":"Hotel Antica Locanda \u00e0 Rome - Hotel Antica Locanda a Roma","og_url":"https:\/\/www.anticalocandaroma.it\/fr\/","og_site_name":"Hotel Antica Locanda a Roma","article_modified_time":"2021-07-28T08:38:46+00:00","twitter_card":"summary_large_image","twitter_misc":{"Dur\u00e9e de lecture estim\u00e9e":"3 minutes"},"schema":{"@context":"https:\/\/schema.org","@graph":[{"@type":"WebPage","@id":"https:\/\/www.anticalocandaroma.it\/fr\/","url":"https:\/\/www.anticalocandaroma.it\/fr\/","name":"Hotel Antica Locanda \u00e0 Rome - Hotel Antica Locanda a Roma","isPartOf":{"@id":"https:\/\/www.anticalocandaroma.it\/#website"},"datePublished":"2021-07-21T08:07:34+00:00","dateModified":"2021-07-28T08:38:46+00:00","breadcrumb":{"@id":"https:\/\/www.anticalocandaroma.it\/fr\/#breadcrumb"},"inLanguage":"fr-FR","potentialAction":[{"@type":"ReadAction","target":["https:\/\/www.anticalocandaroma.it\/fr\/"]}]},{"@type":"BreadcrumbList","@id":"https:\/\/www.anticalocandaroma.it\/fr\/#breadcrumb","itemListElement":[{"@type":"ListItem","position":1,"name":"Home","item":"https:\/\/www.anticalocandaroma.it\/fr\/"},{"@type":"ListItem","position":2,"name":"Hotel Antica Locanda \u00e0 Rome"}]},{"@type":"WebSite","@id":"https:\/\/www.anticalocandaroma.it\/#website","url":"https:\/\/www.anticalocandaroma.it\/","name":"Hotel Antica Locanda a Roma","description":"Motto Hotel Antica Locanda a Roma","potentialAction":[{"@type":"SearchAction","target":{"@type":"EntryPoint","urlTemplate":"https:\/\/www.anticalocandaroma.it\/?s={search_term_string}"},"query-input":{"@type":"PropertyValueSpecification","valueRequired":true,"valueName":"search_term_string"}}],"inLanguage":"fr-FR"}]}},"_links":{"self":[{"href":"https:\/\/www.anticalocandaroma.it\/fr\/wp-json\/wp\/v2\/pages\/257","targetHints":{"allow":["GET"]}}],"collection":[{"href":"https:\/\/www.anticalocandaroma.it\/fr\/wp-json\/wp\/v2\/pages"}],"about":[{"href":"https:\/\/www.anticalocandaroma.it\/fr\/wp-json\/wp\/v2\/types\/page"}],"author":[{"embeddable":true,"href":"https:\/\/www.anticalocandaroma.it\/fr\/wp-json\/wp\/v2\/users\/2"}],"replies":[{"embeddable":true,"href":"https:\/\/www.anticalocandaroma.it\/fr\/wp-json\/wp\/v2\/comments?post=257"}],"version-history":[{"count":1,"href":"https:\/\/www.anticalocandaroma.it\/fr\/wp-json\/wp\/v2\/pages\/257\/revisions"}],"predecessor-version":[{"id":258,"href":"https:\/\/www.anticalocandaroma.it\/fr\/wp-json\/wp\/v2\/pages\/257\/revisions\/258"}],"wp:attachment":[{"href":"https:\/\/www.anticalocandaroma.it\/fr\/wp-json\/wp\/v2\/media?parent=257"}],"curies":[{"name":"wp","href":"https:\/\/api.w.org\/{rel}","templated":true}]}}