{"id":281,"date":"2021-07-21T10:53:06","date_gmt":"2021-07-21T08:53:06","guid":{"rendered":"https:\/\/www.anticalocandaroma.it\/?page_id=281"},"modified":"2025-12-17T10:22:29","modified_gmt":"2025-12-17T09:22:29","slug":"die-geschichte","status":"publish","type":"page","link":"https:\/\/www.anticalocandaroma.it\/de\/die-geschichte\/","title":{"rendered":"Die geschichte"},"content":{"rendered":"<div class=\"fusion-fullwidth fullwidth-box fusion-builder-row-1 fusion-flex-container nonhundred-percent-fullwidth non-hundred-percent-height-scrolling\" style=\"background-color: rgba(255,255,255,0);background-position: center center;background-repeat: no-repeat;border-width: 0px 0px 0px 0px;border-color:#e2e2e2;border-style:solid;\" ><div class=\"fusion-builder-row fusion-row fusion-flex-align-items-flex-start\" style=\"max-width:1248px;margin-left: calc(-4% \/ 2 );margin-right: calc(-4% \/ 2 );\"><div class=\"fusion-layout-column fusion_builder_column fusion-builder-column-0 fusion_builder_column_1_1 1_1 fusion-flex-column\"><div class=\"fusion-column-wrapper fusion-flex-justify-content-flex-start fusion-content-layout-column\" style=\"background-position:left top;background-repeat:no-repeat;-webkit-background-size:cover;-moz-background-size:cover;-o-background-size:cover;background-size:cover;padding: 0px 0px 0px 0px;\"><style type=\"text\/css\">@media only screen and (max-width:1024px) {.fusion-title.fusion-title-1{margin-top:10px!important; margin-right:0px!important;margin-bottom:15px!important;margin-left:0px!important;}}@media only screen and (max-width:640px) {.fusion-title.fusion-title-1{margin-top:10px!important; margin-right:0px!important;margin-bottom:10px!important; margin-left:0px!important;}}<\/style><div class=\"fusion-title title fusion-title-1 fusion-sep-none fusion-title-center fusion-title-text fusion-title-size-one\" style=\"margin-top:10px;margin-right:0px;margin-bottom:15px;margin-left:0px;\"><h1 class=\"title-heading-center\" style=\"margin:0;\">Die geschichte<\/h1><\/div><div class=\"fusion-text fusion-text-1\"><p>Das<strong> Hotel Antica Locanda<\/strong> befindet sich im Herzen eines der historischen Viertel Roms, der \u201eRione Monti\u201c, nur wenige Schritte vom historischen Zentrum der Hauptstadt entfernt.<\/p>\n<p>Dieses malerische Viertel liegt zwischen zwei Hauptstra\u00dfen, der Via Nazionale und der Via Cavour, nur wenige Schritte von den ber\u00fchmtesten historischen Denkm\u00e4lern entfernt, u.a. dem imposanten <strong>Kolosseum<\/strong>, das unbestrittene Symbol Roms, dem <strong>Kaiserliches Forum,<\/strong> der monumentale <strong>Piazza Venezia<\/strong>, dem <strong>Trevi-Brunnen<\/strong>, der farbenfrohen Piazza di Spagna mit seiner weltber\u00fchmten <strong>Spanischen Treppe<\/strong>, sowie auch institutioneller Geb\u00e4ude wie der Zentralbank von Italien, dem <strong>Kapitolh\u00fcgel<\/strong>, dems <strong>Quirinalspalast<\/strong> und mehreren Ministerien<\/p>\n<p>In der N\u00e4he des Hotels Antica Locanda befinden sich auch einige der wichtigsten Museen wie die <strong>Kapitolinischen Museen<\/strong>, das <strong>Trajanmark Museum<\/strong> der Kaiserlicher Foren,<em> der<\/em> <em>Palazzo delle Esposizioni <\/em>und die ber\u00fchmten<em> Scuderie del Quirinale. <\/em><\/p>\n<p>Und alles ist leicht in wenigen Gehminuten zu erreichen.<\/p>\n<p>Der Hauptbahnhof von Rom, der <strong>Bahnhof \u00a0Roma Termini<\/strong>, mit direktem Anschlu\u00df\u00a0 mit der<\/p>\n<p>Regionalbahn zu den beiden Hauptflugh\u00e4fen Rom<strong> Fiumicino<\/strong> (FCO) und Rom <strong>Ciampino <\/strong>(CIA) ist nur wenige hundert Meter vom Hotel entfernt. Das Viertel \u201e Monti\u201c ist das erste Viertel der Stadt Rom, welches Geschichte und Klassizismus vereint. Das Viertel ist reich an Kunstgalerien, Weing\u00fcter, Kunsthandwerksl\u00e4den, Restaurants und Bars; die malerischen kleinen und engen Gassen und Pl\u00e4tze\u00a0 sind durch die \u00a0<em>Sanpietrini<\/em> charakterisiert. Heute gilt der Rione Monti als das faszinierendste Viertel Roms. Wandern Sie tags\u00fcber \u00fcber die Pl\u00e4tzen und genie\u00dfen Sie die Stadt bei Nacht.<\/p>\n<p>Tats\u00e4chlich wird bei Sonnenuntergang das Viertel zu einer gro\u00dfen Partymeile mit jungen Leuten und Touristen. Haben Sie Lust auf einen italienischen Aperitif? Trinken Sie einen Drink in einer Ecke mit Blick auf das Kolosseum, wie in historischen Bar &#8222;La Bottega del Caff\u00e8&#8220; oder in der Dachgarten- \/ Cocktailbar &#8222;Zelda Club&#8220; des Hotels Antica Locanda.<\/p>\n<p>Diese bieten Reisenden die W\u00e4rme der Stadt, begleitet vom Duft eines guten Weins oder der Explosivit\u00e4t von Cocktails, die von unseren freundlichen Barkeepern zubereitet werden.<\/p>\n<\/div><\/div><style type=\"text\/css\">.fusion-body .fusion-builder-column-0{width:100% !important;margin-top : 0px;margin-bottom : 20px;}.fusion-builder-column-0 > .fusion-column-wrapper {padding-top : 0px !important;padding-right : 0px !important;margin-right : 1.92%;padding-bottom : 0px !important;padding-left : 0px !important;margin-left : 1.92%;}@media only screen and (max-width:1024px) {.fusion-body .fusion-builder-column-0{width:100% !important;order : 0;}.fusion-builder-column-0 > .fusion-column-wrapper {margin-right : 1.92%;margin-left : 1.92%;}}@media only screen and (max-width:640px) {.fusion-body .fusion-builder-column-0{width:100% !important;order : 0;}.fusion-builder-column-0 > .fusion-column-wrapper {margin-right : 1.92%;margin-left : 1.92%;}}<\/style><\/div><\/div><style type=\"text\/css\">.fusion-body .fusion-flex-container.fusion-builder-row-1{ padding-top : 0px;margin-top : 0px;padding-right : 0px;padding-bottom : 0px;margin-bottom : 0px;padding-left : 0px;}<\/style><\/div>\n","protected":false},"excerpt":{"rendered":"","protected":false},"author":2,"featured_media":0,"parent":0,"menu_order":0,"comment_status":"closed","ping_status":"closed","template":"100-width.php","meta":{"footnotes":""},"class_list":["post-281","page","type-page","status-publish","hentry"],"yoast_head":"<!-- This site is optimized with the Yoast SEO plugin v27.4 - https:\/\/yoast.com\/product\/yoast-seo-wordpress\/ -->\n<title>Die geschichte - Hotel Antica Locanda a Roma<\/title>\n<meta name=\"robots\" content=\"index, follow, max-snippet:-1, max-image-preview:large, max-video-preview:-1\" \/>\n<link rel=\"canonical\" href=\"https:\/\/www.anticalocandaroma.it\/de\/die-geschichte\/\" \/>\n<meta property=\"og:locale\" content=\"de_DE\" \/>\n<meta property=\"og:type\" content=\"article\" \/>\n<meta property=\"og:title\" content=\"Die geschichte - Hotel Antica Locanda a Roma\" \/>\n<meta property=\"og:url\" content=\"https:\/\/www.anticalocandaroma.it\/de\/die-geschichte\/\" \/>\n<meta property=\"og:site_name\" content=\"Hotel Antica Locanda a Roma\" \/>\n<meta property=\"article:modified_time\" content=\"2025-12-17T09:22:29+00:00\" \/>\n<meta name=\"twitter:card\" content=\"summary_large_image\" \/>\n<meta name=\"twitter:label1\" content=\"Gesch\u00e4tzte Lesezeit\" \/>\n\t<meta name=\"twitter:data1\" content=\"4\u00a0Minuten\" \/>\n<script type=\"application\/ld+json\" class=\"yoast-schema-graph\">{\"@context\":\"https:\\\/\\\/schema.org\",\"@graph\":[{\"@type\":\"WebPage\",\"@id\":\"https:\\\/\\\/www.anticalocandaroma.it\\\/de\\\/die-geschichte\\\/\",\"url\":\"https:\\\/\\\/www.anticalocandaroma.it\\\/de\\\/die-geschichte\\\/\",\"name\":\"Die geschichte - Hotel Antica Locanda a Roma\",\"isPartOf\":{\"@id\":\"https:\\\/\\\/www.anticalocandaroma.it\\\/#website\"},\"datePublished\":\"2021-07-21T08:53:06+00:00\",\"dateModified\":\"2025-12-17T09:22:29+00:00\",\"breadcrumb\":{\"@id\":\"https:\\\/\\\/www.anticalocandaroma.it\\\/de\\\/die-geschichte\\\/#breadcrumb\"},\"inLanguage\":\"de\",\"potentialAction\":[{\"@type\":\"ReadAction\",\"target\":[\"https:\\\/\\\/www.anticalocandaroma.it\\\/de\\\/die-geschichte\\\/\"]}]},{\"@type\":\"BreadcrumbList\",\"@id\":\"https:\\\/\\\/www.anticalocandaroma.it\\\/de\\\/die-geschichte\\\/#breadcrumb\",\"itemListElement\":[{\"@type\":\"ListItem\",\"position\":1,\"name\":\"Home\",\"item\":\"https:\\\/\\\/www.anticalocandaroma.it\\\/de\\\/\"},{\"@type\":\"ListItem\",\"position\":2,\"name\":\"Die geschichte\"}]},{\"@type\":\"WebSite\",\"@id\":\"https:\\\/\\\/www.anticalocandaroma.it\\\/#website\",\"url\":\"https:\\\/\\\/www.anticalocandaroma.it\\\/\",\"name\":\"Hotel Antica Locanda a Roma\",\"description\":\"Motto Hotel Antica Locanda a Roma\",\"potentialAction\":[{\"@type\":\"SearchAction\",\"target\":{\"@type\":\"EntryPoint\",\"urlTemplate\":\"https:\\\/\\\/www.anticalocandaroma.it\\\/?s={search_term_string}\"},\"query-input\":{\"@type\":\"PropertyValueSpecification\",\"valueRequired\":true,\"valueName\":\"search_term_string\"}}],\"inLanguage\":\"de\"}]}<\/script>\n<!-- \/ Yoast SEO plugin. -->","yoast_head_json":{"title":"Die geschichte - Hotel Antica Locanda a Roma","robots":{"index":"index","follow":"follow","max-snippet":"max-snippet:-1","max-image-preview":"max-image-preview:large","max-video-preview":"max-video-preview:-1"},"canonical":"https:\/\/www.anticalocandaroma.it\/de\/die-geschichte\/","og_locale":"de_DE","og_type":"article","og_title":"Die geschichte - Hotel Antica Locanda a Roma","og_url":"https:\/\/www.anticalocandaroma.it\/de\/die-geschichte\/","og_site_name":"Hotel Antica Locanda a Roma","article_modified_time":"2025-12-17T09:22:29+00:00","twitter_card":"summary_large_image","twitter_misc":{"Gesch\u00e4tzte Lesezeit":"4\u00a0Minuten"},"schema":{"@context":"https:\/\/schema.org","@graph":[{"@type":"WebPage","@id":"https:\/\/www.anticalocandaroma.it\/de\/die-geschichte\/","url":"https:\/\/www.anticalocandaroma.it\/de\/die-geschichte\/","name":"Die geschichte - Hotel Antica Locanda a Roma","isPartOf":{"@id":"https:\/\/www.anticalocandaroma.it\/#website"},"datePublished":"2021-07-21T08:53:06+00:00","dateModified":"2025-12-17T09:22:29+00:00","breadcrumb":{"@id":"https:\/\/www.anticalocandaroma.it\/de\/die-geschichte\/#breadcrumb"},"inLanguage":"de","potentialAction":[{"@type":"ReadAction","target":["https:\/\/www.anticalocandaroma.it\/de\/die-geschichte\/"]}]},{"@type":"BreadcrumbList","@id":"https:\/\/www.anticalocandaroma.it\/de\/die-geschichte\/#breadcrumb","itemListElement":[{"@type":"ListItem","position":1,"name":"Home","item":"https:\/\/www.anticalocandaroma.it\/de\/"},{"@type":"ListItem","position":2,"name":"Die geschichte"}]},{"@type":"WebSite","@id":"https:\/\/www.anticalocandaroma.it\/#website","url":"https:\/\/www.anticalocandaroma.it\/","name":"Hotel Antica Locanda a Roma","description":"Motto Hotel Antica Locanda a Roma","potentialAction":[{"@type":"SearchAction","target":{"@type":"EntryPoint","urlTemplate":"https:\/\/www.anticalocandaroma.it\/?s={search_term_string}"},"query-input":{"@type":"PropertyValueSpecification","valueRequired":true,"valueName":"search_term_string"}}],"inLanguage":"de"}]}},"_links":{"self":[{"href":"https:\/\/www.anticalocandaroma.it\/de\/wp-json\/wp\/v2\/pages\/281","targetHints":{"allow":["GET"]}}],"collection":[{"href":"https:\/\/www.anticalocandaroma.it\/de\/wp-json\/wp\/v2\/pages"}],"about":[{"href":"https:\/\/www.anticalocandaroma.it\/de\/wp-json\/wp\/v2\/types\/page"}],"author":[{"embeddable":true,"href":"https:\/\/www.anticalocandaroma.it\/de\/wp-json\/wp\/v2\/users\/2"}],"replies":[{"embeddable":true,"href":"https:\/\/www.anticalocandaroma.it\/de\/wp-json\/wp\/v2\/comments?post=281"}],"version-history":[{"count":3,"href":"https:\/\/www.anticalocandaroma.it\/de\/wp-json\/wp\/v2\/pages\/281\/revisions"}],"predecessor-version":[{"id":533,"href":"https:\/\/www.anticalocandaroma.it\/de\/wp-json\/wp\/v2\/pages\/281\/revisions\/533"}],"wp:attachment":[{"href":"https:\/\/www.anticalocandaroma.it\/de\/wp-json\/wp\/v2\/media?parent=281"}],"curies":[{"name":"wp","href":"https:\/\/api.w.org\/{rel}","templated":true}]}}